{"id":435,"date":"2024-02-24T15:13:22","date_gmt":"2024-02-24T14:13:22","guid":{"rendered":"https:\/\/ferienhausahrgalerie.live-website.com\/?page_id=435"},"modified":"2024-02-24T15:15:50","modified_gmt":"2024-02-24T14:15:50","slug":"impressum","status":"publish","type":"page","link":"https:\/\/ahrgalerie.de\/en\/impressum","title":{"rendered":"LEGAL NOTICE"},"content":{"rendered":"<p>[et_pb_section fb_built=&#8220;1&#8243; _builder_version=&#8220;4.24.2&#8243; _module_preset=&#8220;default&#8220; global_colors_info=&#8220;{}&#8220; theme_builder_area=&#8220;post_content&#8220;][et_pb_row _builder_version=&#8220;4.24.2&#8243; _module_preset=&#8220;default&#8220; global_colors_info=&#8220;{}&#8220; theme_builder_area=&#8220;post_content&#8220;][et_pb_column type=&#8220;4_4&#8243; _builder_version=&#8220;4.24.2&#8243; _module_preset=&#8220;default&#8220; global_colors_info=&#8220;{}&#8220; theme_builder_area=&#8220;post_content&#8220;][et_pb_heading title=&#8220;Impressum&#8220; _builder_version=&#8220;4.24.2&#8243; _module_preset=&#8220;default&#8220; title_font=&#8220;Raleway|600||on|||||&#8220; title_text_color=&#8220;#0C71C3&#8243; global_colors_info=&#8220;{}&#8220; theme_builder_area=&#8220;post_content&#8220; custom_margin=&#8220;||2px|||&#8220;][\/et_pb_heading][et_pb_divider color=&#8220;#0C71C3&#8243; _builder_version=&#8220;4.24.2&#8243; _module_preset=&#8220;default&#8220; hover_enabled=&#8220;0&#8243; global_colors_info=&#8220;{}&#8220; theme_builder_area=&#8220;post_content&#8220; sticky_enabled=&#8220;0&#8243;][\/et_pb_divider][et_pb_text _builder_version=&#8220;4.24.2&#8243; _module_preset=&#8220;default&#8220; text_font=&#8220;Raleway||||||||&#8220; text_font_size=&#8220;12px&#8220; header_font=&#8220;Raleway|600|||||||&#8220; hover_enabled=&#8220;0&#8243; global_colors_info=&#8220;{}&#8220; theme_builder_area=&#8220;post_content&#8220; sticky_enabled=&#8220;0&#8243;]<\/p>\n<h3><strong>Diensteanbieter<\/strong><\/h3>\n<p>Simone Larsson<br \/>Am Schwimmbad 4<br \/>53474 Bad Neuenahr-Ahrweiler<br \/>Deutschland<\/p>\n<h3><strong><br \/>Kontaktm\u00f6glichkeiten<\/strong><\/h3>\n<p>E-Mail-Adresse<br \/><a href=\"mailto:info@ahrgalerie.de\">info@ahrgalerie.de<\/a><\/p>\n<p>Telefon<br \/>(+49) 151-54081925<\/p>\n<p>Kontaktformular<br \/>https:\/\/ferienhausahrgalerie.live-website.com\/#Anfrage<\/p>\n<h3><strong><br \/>Haftungshinweis<\/strong><\/h3>\n<p>Trotz sorgf\u00e4ltiger inhaltlicher Kontrolle \u00fcbernehmen wir keine Haftung f\u00fcr die Inhalte externer Links. F\u00fcr den Inhalt der verlinkten Seiten sind ausschlie\u00dflich deren Betreiber verantwortlich. S\u00e4mtliche angebotenen Informationen d\u00fcrfen \u2013 auch auszugsweise \u2013 nur mit schriftlicher Genehmigung des Inhabers ver\u00f6ffentlicht werden.<\/p>\n<p>[\/et_pb_text][et_pb_text _builder_version=&#8220;4.24.2&#8243; _module_preset=&#8220;default&#8220; text_font=&#8220;Raleway||||||||&#8220; text_font_size=&#8220;10px&#8220; global_colors_info=&#8220;{}&#8220; theme_builder_area=&#8220;post_content&#8220;]<\/p>\n<p><span>Website-Erstellung durch\u00a0<\/span><a href=\"https:\/\/hegecon.de\/\" target=\"_blank\" rel=\"noreferrer noopener nofollow\">HeGeCon.<\/a><span>\u00a0Professionelle\u00a0<\/span><a href=\"https:\/\/webdesign.hegecon.de\/\" target=\"_blank\" rel=\"noreferrer noopener nofollow\">Webseiten<\/a><span>, individuell erstellt, die im Web gut\u00a0<\/span><a href=\"https:\/\/seo.hegecon.de\/\" target=\"_blank\" rel=\"noreferrer noopener nofollow\">gefunden werden<\/a><span>.<\/span><\/p>\n<p>[\/et_pb_text][\/et_pb_column][\/et_pb_row][\/et_pb_section]<\/p>\n","protected":false},"excerpt":{"rendered":"<p>Diensteanbieter Simone LarssonAm Schwimmbad 453474 Bad Neuenahr-AhrweilerDeutschland Kontaktm\u00f6glichkeiten E-Mail-Adresseinfo@ahrgalerie.de Telefon(+49) 151-54081925 Kontaktformularhttps:\/\/ferienhausahrgalerie.live-website.com\/#Anfrage Haftungshinweis Trotz sorgf\u00e4ltiger inhaltlicher Kontrolle \u00fcbernehmen wir keine Haftung f\u00fcr die Inhalte externer Links. F\u00fcr den Inhalt der verlinkten Seiten sind ausschlie\u00dflich deren Betreiber verantwortlich. S\u00e4mtliche angebotenen Informationen d\u00fcrfen \u2013 auch auszugsweise \u2013 nur mit schriftlicher Genehmigung des Inhabers ver\u00f6ffentlicht werden.Website-Erstellung durch\u00a0HeGeCon.\u00a0Professionelle\u00a0Webseiten, individuell [&hellip;]<\/p>\n","protected":false},"author":1,"featured_media":0,"parent":0,"menu_order":0,"comment_status":"closed","ping_status":"closed","template":"","meta":{"_et_pb_use_builder":"on","_et_pb_old_content":"","_et_gb_content_width":"","footnotes":""},"class_list":["post-435","page","type-page","status-publish","hentry"],"_links":{"self":[{"href":"https:\/\/ahrgalerie.de\/en\/wp-json\/wp\/v2\/pages\/435","targetHints":{"allow":["GET"]}}],"collection":[{"href":"https:\/\/ahrgalerie.de\/en\/wp-json\/wp\/v2\/pages"}],"about":[{"href":"https:\/\/ahrgalerie.de\/en\/wp-json\/wp\/v2\/types\/page"}],"author":[{"embeddable":true,"href":"https:\/\/ahrgalerie.de\/en\/wp-json\/wp\/v2\/users\/1"}],"replies":[{"embeddable":true,"href":"https:\/\/ahrgalerie.de\/en\/wp-json\/wp\/v2\/comments?post=435"}],"version-history":[{"count":0,"href":"https:\/\/ahrgalerie.de\/en\/wp-json\/wp\/v2\/pages\/435\/revisions"}],"wp:attachment":[{"href":"https:\/\/ahrgalerie.de\/en\/wp-json\/wp\/v2\/media?parent=435"}],"curies":[{"name":"wp","href":"https:\/\/api.w.org\/{rel}","templated":true}]}}